{"id":9881,"date":"2021-04-19T09:38:44","date_gmt":"2021-04-19T07:38:44","guid":{"rendered":"https:\/\/lo6.szczecin.pl\/?page_id=9881"},"modified":"2026-04-24T08:43:59","modified_gmt":"2026-04-24T06:43:59","slug":"dzien-otwarty-2021","status":"publish","type":"page","link":"https:\/\/lo6.szczecin.pl\/index.php\/dzien-otwarty-2021\/","title":{"rendered":"Dzie\u0144 Otwarty"},"content":{"rendered":"<header class=\"entry-header page-header\">\n<h2 class=\"entry-meta\" style=\"text-align: center;\"><span style=\"color: #000080;\">Drodzy \u00d3smoklasi\u015bci<\/span><\/h2>\n<\/header>\n<div class=\"entry-content\">\n<h3 style=\"text-align: center;\"><span class=\"has-inline-color has-vivid-red-color\">Zapraszamy Was do zapoznania si\u0119 z ofert\u0105 edukacyjn\u0105 naszej szko\u0142y podczas<br \/>\n<\/span><\/h3>\n<h3 style=\"text-align: center;\"><span class=\"has-inline-color has-vivid-red-color\" style=\"font-size: 24pt;\"><span style=\"color: #800000;\">Dnia Otwartego 25 kwietnia 2026 r. godz. 10.00-14.00!<\/span><\/span><\/h3>\n<p style=\"text-align: center;\">\n<\/div>\n<h2 style=\"text-align: center;\"><em><span style=\"font-size: 18pt; color: #000080;\">Sz\u00f3stka w pytaniach i odpowiedziach<br \/>\n<\/span><\/em><span style=\"font-size: 14pt;\">spotkanie z dyrekcj\u0105 szko\u0142y o<\/span><span style=\"font-size: 14pt;\"> godzinie 10.30 i 12.30 w sali 12\u00a0<\/span><\/h2>\n<p>&nbsp;<\/p>\n<p style=\"padding-left: 40px; text-align: center;\">Zapraszamy wszystkich kandydat\u00f3w ze szk\u00f3\u0142 podstawowych do odwiedzenia wirtualnej wersji VI LO.<\/p>\n<p style=\"padding-left: 40px; text-align: center;\"><span data-offset-key=\"7mqh6-0-0\">Zach\u0119camy do przej\u015bcia si\u0119 po jej korytarzach, zajrzenia do sal lekcyjnych, biblioteki, klubu i innych zakamark\u00f3w szko\u0142y oraz przeniesienia si\u0119 do wirtualnego \u015bwiata <\/span><span data-offset-key=\"7mqh6-2-0\">przed rozpocz\u0119ciem nauki w szkole.<\/span><\/p>\n<p style=\"padding-left: 40px; text-align: center;\">Adres serwera: <a href=\"https:\/\/www.planetminecraft.com\/project\/vi-lo-szczecin\/\">MINECRAFT<\/a><\/p>\n<div class=\"entry-content\">\n<h2 style=\"text-align: center;\"><span style=\"color: #800000;\">Zapraszamy do <\/span><em style=\"color: #800000;\">SZ\u00d3STKI<\/em><\/h2>\n<\/div>\n<p>&nbsp;<\/p>\n<p>&nbsp;<\/p>\n<p><strong>INFORMACJE Z LAT wcze\u015bniejszych:<\/strong><\/p>\n<p><a href=\"https:\/\/youtu.be\/ajSC1657raI\">https:\/\/youtu.be\/ajSC1657raI<\/a><\/p>\n<p><iframe loading=\"lazy\" title=\"Film Promuj\u0105cy LO VI Krzysztof Pruski, Filip Samborski TLIMC wz\" width=\"500\" height=\"281\" src=\"https:\/\/www.youtube.com\/embed\/ajSC1657raI?feature=oembed\" frameborder=\"0\" allow=\"accelerometer; autoplay; clipboard-write; encrypted-media; gyroscope; picture-in-picture; web-share\" referrerpolicy=\"strict-origin-when-cross-origin\" allowfullscreen><\/iframe><\/p>\n<table style=\"height: 735px; width: 100%; border-collapse: collapse;\" border=\"2\">\n<tbody>\n<tr style=\"height: 23px;\">\n<td style=\"width: 33.3333%; text-align: center; height: 23px;\"><strong>Profile<\/strong><\/td>\n<td style=\"width: 33.3333%; text-align: center; height: 23px;\"><strong>Prezentacja profilu<\/strong><\/td>\n<td style=\"width: 33.3333%; text-align: center; height: 23px;\"><strong>Inne przyk\u0142adowe dzia\u0142ania<\/strong><\/td>\n<\/tr>\n<tr style=\"height: 194px;\">\n<td style=\"width: 33.3333%; text-align: center; height: 194px;\"><strong><span style=\"color: #003366;\">HUMANISTYCZNY<\/span><\/strong><\/p>\n<p><strong><span style=\"color: #003366;\">DZIENNIKARSKO-PRAWNICZY<\/span><\/strong><\/p>\n<p><strong><span style=\"color: #003366; font-size: 10pt;\">HUMANISTYCZNO-SPO\u0141ECZNY<\/span><\/strong><\/td>\n<td style=\"width: 33.3333%; text-align: center; height: 194px;\"><iframe loading=\"lazy\" src=\"\/\/www.youtube.com\/embed\/VD3zXOzIqMk\" width=\"333\" height=\"187\" allowfullscreen=\"allowfullscreen\"><\/iframe><\/td>\n<td style=\"width: 33.3333%; text-align: center; height: 194px;\"><a href=\"http:\/\/www.juniormedia.pl\/wp-content\/newspaper\/33883\/zblizenia.pdf\"><img loading=\"lazy\" decoding=\"async\" class=\"aligncenter size-full wp-image-9886\" src=\"https:\/\/lo6.szczecin.pl\/wp-content\/uploads\/2021\/04\/Zblizenia.jpg\" alt=\"\" width=\"625\" height=\"164\" srcset=\"https:\/\/lo6.szczecin.pl\/wp-content\/uploads\/2021\/04\/Zblizenia.jpg 625w, https:\/\/lo6.szczecin.pl\/wp-content\/uploads\/2021\/04\/Zblizenia-300x79.jpg 300w\" sizes=\"auto, (max-width: 625px) 100vw, 625px\" \/><\/a><\/td>\n<\/tr>\n<tr style=\"height: 194px;\">\n<td style=\"width: 33.3333%; text-align: center; height: 194px;\"><strong><span style=\"color: #003366;\">BIOLOGICZNO-CHEMICZNY<\/span><\/strong><\/td>\n<td style=\"width: 33.3333%; text-align: center; height: 194px;\"><iframe loading=\"lazy\" src=\"\/\/www.youtube.com\/embed\/gArT0OVrkUQ\" width=\"333\" height=\"187\" allowfullscreen=\"allowfullscreen\"><\/iframe><\/td>\n<td style=\"width: 33.3333%; text-align: center; height: 194px;\">Materia\u0142y uzupe\u0142niaj\u0105ce do filmu:<\/p>\n<p><a href=\"https:\/\/youtu.be\/vx3R255EnGo\">Prezentacja<\/a><\/p>\n<p><a href=\"https:\/\/youtu.be\/vy8uB95HXZk\">Film klasy 2b2<\/a><\/p>\n<p><a href=\"https:\/\/fb.watch\/4Z62Nz0Xe1\/\">Lekcja chemii 1<\/a> i\u00a0<a href=\"https:\/\/fb.watch\/4Z60pnauPP\/\">Lekcja chemii 2<\/a><\/td>\n<\/tr>\n<tr style=\"height: 130px;\">\n<td style=\"width: 33.3333%; text-align: center; height: 130px;\"><span style=\"color: #003366;\"><strong>BIOLOGICZNO-PSYCHOLOGICZNY<\/strong><\/span><\/td>\n<td style=\"width: 33.3333%; text-align: center; height: 130px;\"><iframe loading=\"lazy\" src=\"\/\/www.youtube.com\/embed\/lRlwm09uQF4\" width=\"333\" height=\"187\" allowfullscreen=\"allowfullscreen\"><\/iframe><\/td>\n<td style=\"width: 33.3333%; text-align: center; height: 130px;\"><a href=\"https:\/\/youtu.be\/yFCaKu1k7ro\"><img loading=\"lazy\" decoding=\"async\" class=\"aligncenter size-full wp-image-9887\" src=\"https:\/\/lo6.szczecin.pl\/wp-content\/uploads\/2021\/04\/profil-psychologiczny.jpg\" alt=\"\" width=\"533\" height=\"217\" srcset=\"https:\/\/lo6.szczecin.pl\/wp-content\/uploads\/2021\/04\/profil-psychologiczny.jpg 533w, https:\/\/lo6.szczecin.pl\/wp-content\/uploads\/2021\/04\/profil-psychologiczny-300x122.jpg 300w\" sizes=\"auto, (max-width: 533px) 100vw, 533px\" \/><\/a><\/p>\n<p><a href=\"https:\/\/lo6.szczecin.pl\/wp-content\/uploads\/2021\/04\/Co-w-biologii-piszczy.pdf\">Prezentacja <em>Co w biologii piszczy &#8230;<\/em><\/a><\/td>\n<\/tr>\n<tr style=\"height: 194px;\">\n<td style=\"width: 33.3333%; text-align: center; height: 194px;\"><strong><span style=\"color: #003366;\">MATEMATYCZNO-PRZYRODNICZY<\/span><\/strong><\/p>\n<p><span style=\"color: #003366; font-size: 10pt;\">GEOGRAFICZNO-MATEMATYCZNO-J\u0118ZYKOWY<\/span><\/td>\n<td style=\"width: 33.3333%; text-align: center; height: 194px;\"><iframe loading=\"lazy\" src=\"\/\/www.youtube.com\/embed\/dQFbPLGSQ-A\" width=\"333\" height=\"187\" allowfullscreen=\"allowfullscreen\"><\/iframe><\/td>\n<td style=\"width: 33.3333%; text-align: center; height: 194px;\">Prezentacje uzupe\u0142niaj\u0105ce do filmu:<\/p>\n<p><a href=\"https:\/\/lo6.szczecin.pl\/wp-content\/uploads\/2021\/04\/problemy-milenijne-prezentacja.pdf\">Prezentacja 1<\/a><br \/>\n<a href=\"https:\/\/lo6.szczecin.pl\/wp-content\/uploads\/2021\/04\/Prezentacja-2.pdf\">Prezentacja 2<\/a><br \/>\n<a href=\"https:\/\/lo6.szczecin.pl\/wp-content\/uploads\/2021\/04\/Prezentacja-na-temat-liczby-Fi.pdf\">Prezentacja 3<\/a><br \/>\n<a href=\"https:\/\/lo6.szczecin.pl\/wp-content\/uploads\/2021\/04\/Prezentacja-4.pdf\">Prezentacja 4<\/a><\/p>\n<p><a href=\"https:\/\/lo6.szczecin.pl\/wp-content\/uploads\/2021\/04\/geogebra-PREZENTACJA-1.pptx\">Prezentacja GeoGebry<\/a><\/td>\n<\/tr>\n<\/tbody>\n<\/table>\n<p>&nbsp;<\/p>\n<p>&nbsp;<\/p>\n<p>&nbsp;<\/p>\n<table style=\"border-collapse: collapse; width: 100%; height: 825px;\">\n<tbody>\n<tr style=\"height: 231px;\">\n<td style=\"width: 50%; padding-left: 80px; height: 231px;\"><iframe loading=\"lazy\" src=\"\/\/www.youtube.com\/embed\/3IMGxSL6DjE\" width=\"400\" height=\"224\" allowfullscreen=\"allowfullscreen\"><\/iframe><\/td>\n<td style=\"width: 50%; padding-left: 40px; height: 231px;\"><iframe loading=\"lazy\" src=\"\/\/www.youtube.com\/embed\/UPO4TAefVRM\" width=\"400\" height=\"224\" allowfullscreen=\"allowfullscreen\"><\/iframe><\/td>\n<\/tr>\n<tr style=\"height: 231px;\">\n<td style=\"width: 50%; padding-left: 80px; height: 231px;\"><iframe loading=\"lazy\" src=\"\/\/www.youtube.com\/embed\/B5OzZ5Aguhw\" width=\"400\" height=\"224\" allowfullscreen=\"allowfullscreen\"><\/iframe><\/td>\n<td style=\"width: 50%; padding-left: 40px; height: 231px;\"><iframe loading=\"lazy\" src=\"\/\/www.youtube.com\/embed\/vW_NXCcmkuI\" width=\"400\" height=\"224\" allowfullscreen=\"allowfullscreen\"><\/iframe><\/td>\n<\/tr>\n<tr style=\"height: 363px;\">\n<td style=\"width: 50%; padding-left: 80px; height: 363px;\"><iframe loading=\"lazy\" src=\"\/\/www.youtube.com\/embed\/6sml74Jmox8\" width=\"400\" height=\"224\" allowfullscreen=\"allowfullscreen\"><\/iframe><\/p>\n<p><a href=\"https:\/\/drive.google.com\/file\/d\/1ODQNw3nG0c71DR9Hn7tSmQJz3whsid0r\/view?usp=sharing\">Klasa 2GA<\/a>,\u00a0<a href=\"https:\/\/drive.google.com\/file\/d\/1FaukS0ZV3jNPfXjXW7qa4Swr4WGUMxRn\/view?usp=sharing\">Klasa 1C,<\/a>\u00a0<a href=\"https:\/\/drive.google.com\/file\/d\/1wH80gLAmj2cq5ayK1fC6uU-mHOIgswQY\/view?usp=sharing\">Klasa 2C<\/a>,\u00a0<a href=\"https:\/\/drive.google.com\/file\/d\/1OH5gK-rtYlS8Cden7wctMizVmIYb8r02\/view?usp=sharing\">Klasa 2B1<\/a>,\u00a0<a href=\"https:\/\/drive.google.com\/file\/d\/1arUXS9lOpd5IqzDkGhZElJXKdgi7p6Kt\/view?usp=sharing\">Klasa 2GB1<\/a><\/td>\n<td style=\"width: 50%; height: 363px; padding-left: 40px;\"><iframe loading=\"lazy\" src=\"\/\/www.youtube.com\/embed\/Mv_z40WjMQA\" width=\"400\" height=\"224\" allowfullscreen=\"allowfullscreen\"><\/iframe><\/p>\n<p>&nbsp;<\/td>\n<\/tr>\n<\/tbody>\n<\/table>\n<h4 style=\"text-align: center;\"><\/h4>\n<p><center>\u00a0<\/center>&nbsp;<\/p>\n<h2 style=\"text-align: center;\"><iframe loading=\"lazy\" src=\"\/\/www.youtube.com\/embed\/hDLqekNVF54\" width=\"500\" height=\"280\" allowfullscreen=\"allowfullscreen\"><\/iframe><\/h2>\n<p>&nbsp;<\/p>\n","protected":false},"excerpt":{"rendered":"<p>Drodzy \u00d3smoklasi\u015bci Zapraszamy Was do zapoznania si\u0119 z ofert\u0105 edukacyjn\u0105 naszej szko\u0142y podczas Dnia Otwartego 25 kwietnia 2026 r. godz. 10.00-14.00! Sz\u00f3stka w pytaniach i odpowiedziach spotkanie z dyrekcj\u0105 szko\u0142y o godzinie 10.30 i 12.30 w sali 12\u00a0 &nbsp; Zapraszamy wszystkich kandydat\u00f3w ze szk\u00f3\u0142 podstawowych do odwiedzenia wirtualnej wersji VI LO. Zach\u0119camy do przej\u015bcia si\u0119&#8230;<\/p>\n","protected":false},"author":4,"featured_media":0,"parent":0,"menu_order":0,"comment_status":"closed","ping_status":"closed","template":"","meta":{"_acf_changed":false,"_s2mail":"","footnotes":""},"class_list":["post-9881","page","type-page","status-publish","hentry"],"acf":[],"_links":{"self":[{"href":"https:\/\/lo6.szczecin.pl\/index.php\/wp-json\/wp\/v2\/pages\/9881","targetHints":{"allow":["GET"]}}],"collection":[{"href":"https:\/\/lo6.szczecin.pl\/index.php\/wp-json\/wp\/v2\/pages"}],"about":[{"href":"https:\/\/lo6.szczecin.pl\/index.php\/wp-json\/wp\/v2\/types\/page"}],"author":[{"embeddable":true,"href":"https:\/\/lo6.szczecin.pl\/index.php\/wp-json\/wp\/v2\/users\/4"}],"replies":[{"embeddable":true,"href":"https:\/\/lo6.szczecin.pl\/index.php\/wp-json\/wp\/v2\/comments?post=9881"}],"version-history":[{"count":76,"href":"https:\/\/lo6.szczecin.pl\/index.php\/wp-json\/wp\/v2\/pages\/9881\/revisions"}],"predecessor-version":[{"id":13096,"href":"https:\/\/lo6.szczecin.pl\/index.php\/wp-json\/wp\/v2\/pages\/9881\/revisions\/13096"}],"wp:attachment":[{"href":"https:\/\/lo6.szczecin.pl\/index.php\/wp-json\/wp\/v2\/media?parent=9881"}],"curies":[{"name":"wp","href":"https:\/\/api.w.org\/{rel}","templated":true}]}}