{"id":7406,"date":"2018-12-04T10:31:13","date_gmt":"2018-12-04T09:31:13","guid":{"rendered":"http:\/\/lo6.szczecin.pl\/?page_id=7406"},"modified":"2018-12-04T10:39:59","modified_gmt":"2018-12-04T09:39:59","slug":"szkolny-wolontariat","status":"publish","type":"page","link":"https:\/\/lo6.szczecin.pl\/index.php\/szkolny-wolontariat\/","title":{"rendered":"Szkolny Wolontariat"},"content":{"rendered":"<p>Opiekunem Ko\u0142a Szkolnego Wolontariatu jest pani Irena Organiszczak.<\/p>\n<p><a href=\"http:\/\/lo6.szczecin.pl\/wp-content\/uploads\/2018\/12\/Wolontariat_SZ.pdf\">Wolontariat szkolny. Poradnik dla nauczycieli, dyrektor\u00f3w i rodzic\u00f3w<\/a><\/p>\n<p><a href=\"http:\/\/lo6.szczecin.pl\/wp-content\/uploads\/2018\/12\/Poradnik-wolontariatu-szkolnego.pdf\">Poradnik wolontariatu szkolnego<\/a><\/p>\n\n\t\t<style type=\"text\/css\">\n\t\t\t#gallery-1 {\n\t\t\t\tmargin: auto;\n\t\t\t}\n\t\t\t#gallery-1 .gallery-item {\n\t\t\t\tfloat: left;\n\t\t\t\tmargin-top: 10px;\n\t\t\t\ttext-align: center;\n\t\t\t\twidth: 33%;\n\t\t\t}\n\t\t\t#gallery-1 img {\n\t\t\t\tborder: 2px solid #cfcfcf;\n\t\t\t}\n\t\t\t#gallery-1 .gallery-caption {\n\t\t\t\tmargin-left: 0;\n\t\t\t}\n\t\t\t\/* see gallery_shortcode() in wp-includes\/media.php *\/\n\t\t<\/style>\n\t\t<div id='gallery-1' class='gallery galleryid-7406 gallery-columns-3 gallery-size-thumbnail'><dl class='gallery-item'>\n\t\t\t<dt class='gallery-icon landscape'>\n\t\t\t\t<a href='https:\/\/lo6.szczecin.pl\/index.php\/szkolny-wolontariat\/wsz1\/'><img loading=\"lazy\" decoding=\"async\" width=\"150\" height=\"150\" src=\"https:\/\/lo6.szczecin.pl\/wp-content\/uploads\/2018\/12\/wsz1-150x150.jpg\" class=\"attachment-thumbnail size-thumbnail\" alt=\"\" \/><\/a>\n\t\t\t<\/dt><\/dl><dl class='gallery-item'>\n\t\t\t<dt class='gallery-icon landscape'>\n\t\t\t\t<a href='https:\/\/lo6.szczecin.pl\/index.php\/szkolny-wolontariat\/wsz2\/'><img loading=\"lazy\" decoding=\"async\" width=\"150\" height=\"150\" src=\"https:\/\/lo6.szczecin.pl\/wp-content\/uploads\/2018\/12\/wsz2-150x150.jpg\" class=\"attachment-thumbnail size-thumbnail\" alt=\"\" \/><\/a>\n\t\t\t<\/dt><\/dl><dl class='gallery-item'>\n\t\t\t<dt class='gallery-icon landscape'>\n\t\t\t\t<a href='https:\/\/lo6.szczecin.pl\/index.php\/szkolny-wolontariat\/wsz4\/'><img loading=\"lazy\" decoding=\"async\" width=\"150\" height=\"150\" src=\"https:\/\/lo6.szczecin.pl\/wp-content\/uploads\/2018\/12\/wsz4-150x150.jpg\" class=\"attachment-thumbnail size-thumbnail\" alt=\"\" \/><\/a>\n\t\t\t<\/dt><\/dl><br style=\"clear: both\" \/>\n\t\t<\/div>\n\n","protected":false},"excerpt":{"rendered":"<p>Opiekunem Ko\u0142a Szkolnego Wolontariatu jest pani Irena Organiszczak. Wolontariat szkolny. Poradnik dla nauczycieli, dyrektor\u00f3w i rodzic\u00f3w Poradnik wolontariatu szkolnego<\/p>\n","protected":false},"author":3,"featured_media":0,"parent":0,"menu_order":0,"comment_status":"closed","ping_status":"closed","template":"","meta":{"_acf_changed":false,"_s2mail":"","footnotes":""},"class_list":["post-7406","page","type-page","status-publish","hentry"],"acf":[],"_links":{"self":[{"href":"https:\/\/lo6.szczecin.pl\/index.php\/wp-json\/wp\/v2\/pages\/7406","targetHints":{"allow":["GET"]}}],"collection":[{"href":"https:\/\/lo6.szczecin.pl\/index.php\/wp-json\/wp\/v2\/pages"}],"about":[{"href":"https:\/\/lo6.szczecin.pl\/index.php\/wp-json\/wp\/v2\/types\/page"}],"author":[{"embeddable":true,"href":"https:\/\/lo6.szczecin.pl\/index.php\/wp-json\/wp\/v2\/users\/3"}],"replies":[{"embeddable":true,"href":"https:\/\/lo6.szczecin.pl\/index.php\/wp-json\/wp\/v2\/comments?post=7406"}],"version-history":[{"count":2,"href":"https:\/\/lo6.szczecin.pl\/index.php\/wp-json\/wp\/v2\/pages\/7406\/revisions"}],"predecessor-version":[{"id":7421,"href":"https:\/\/lo6.szczecin.pl\/index.php\/wp-json\/wp\/v2\/pages\/7406\/revisions\/7421"}],"wp:attachment":[{"href":"https:\/\/lo6.szczecin.pl\/index.php\/wp-json\/wp\/v2\/media?parent=7406"}],"curies":[{"name":"wp","href":"https:\/\/api.w.org\/{rel}","templated":true}]}}