{"id":3921,"date":"2017-03-31T10:14:31","date_gmt":"2017-03-31T08:14:31","guid":{"rendered":"http:\/\/aero360.pl\/?page_id=3921"},"modified":"2025-10-13T11:38:26","modified_gmt":"2025-10-13T09:38:26","slug":"matura","status":"publish","type":"page","link":"https:\/\/lo6.szczecin.pl\/index.php\/matura\/","title":{"rendered":"Matura 2023"},"content":{"rendered":"<p>[vc_row][vc_column][vc_column_text]<\/p>\n<div class=\"editor-content\">\n<div>\n<div class=\"editor-content\">\n<div>\n<h3 style=\"padding-left: 40px;\"><span style=\"color: #800000;\"><strong>AKTUALIZACJA w dniu 20.08.2025 r.<\/strong><\/span><\/h3>\n<\/div>\n<\/div>\n<\/div>\n<\/div>\n<div style=\"padding-left: 40px;\">\n<p><strong>Rok szkolny 2025\/2026<\/strong><\/p>\n<p>Komunikat dyrektora Centralnej Komisji Egzaminacyjnej z 30 sierpnia 2024 r. w sprawie<br \/>\nlisty jawnych zada\u0144 w cz\u0119\u015bci ustnej egzaminu maturalnego z j\u0119zyka polskiego <a href=\"https:\/\/cke.gov.pl\/images\/_EGZAMIN_MATURALNY_OD_2023\/komunikaty\/2025_2026\/J%C4%98ZYK%20POLSKI_Zadania%20jawne%20na%202026%20r._2027%20r.%20i%202028%20r.%20_KOMUNIKAT.pdf\">w latach 2026-2028<\/a><\/p>\n<\/div>\n<p style=\"padding-left: 40px;\"><b>Komunikaty i harmonogramy dotycz\u0105ce <a href=\"https:\/\/bip.cke.gov.pl\/artykul\/290\/1951\/rok-szkolny-2025-2026\">egzamin\u00f3w maturalnych w 2026 r.<\/a><\/b><\/p>\n<div class=\"editor-content\">\n<p>&nbsp;<\/p>\n<h3 style=\"padding-left: 40px;\" align=\"justify\">Co zmieniono na pa\u0144stwowym egzaminie maturalnym od 2025 r.?<\/h3>\n<p class=\" text-justify\" style=\"padding-left: 40px;\">Centralna Komisja Egzaminacyjna opublikowa\u0142a\u00a0<a class=\"\" href=\"https:\/\/cke.gov.pl\/egzamin-maturalny\/egzamin-maturalny-w-formule-2023\/informatory\/\" target=\"_blank\" rel=\"noopener\">informatory<\/a>\u00a0z wytycznymi obowi\u0105zuj\u0105cymi na maturze w 2025 r. Najwi\u0119ksze zmiany wprowadzono na egzaminach z j\u0119zyka polskiego.<\/p>\n<p style=\"padding-left: 40px;\"><strong>J\u0119zyk polski<\/strong><\/p>\n<p class=\" text-justify\" style=\"padding-left: 40px;\">Z podstawy programowej wykre\u015blono ponad 20 lektur obowi\u0105zkowych. Na li\u015bcie zosta\u0142y pozycje, kt\u00f3rych b\u0119d\u0105 dotyczy\u0107 zadania na maturze ustnej i w te\u015bcie historycznoliterackim. W latach 2025?2028 ucze\u0144 mo\u017ce si\u0119 odwo\u0142a\u0107 w wypracowaniu jako do lektur obowi\u0105zkowych r\u00f3wnie\u017c do tekst\u00f3w wykre\u015blonych z podstawy ? pe\u0142ny wykaz lektur znajduje si\u0119 w informatorze na stronie internetowej CKE. Ponadto zredukowano list\u0119 zada\u0144 jawnych na maturze ustnej do 68 zagadnie\u0144.<\/p>\n<p style=\"padding-left: 40px;\">W te\u015bcie historycznoliterackim b\u0119d\u0105 zadania dotycz\u0105ce dw\u00f3ch grup okres\u00f3w literackich:<\/p>\n<ol>\n<li style=\"list-style-type: none;\">\n<ol>\n<li>staro\u017cytno\u015b\u0107, \u015bredniowiecze, renesans, barok, o\u015bwiecenie, romantyzm, pozytywizm (maksymalna liczba punkt\u00f3w to 7),<\/li>\n<li>M\u0142oda Polska, dwudziestolecie mi\u0119dzywojenne, literatura wojny i okupacji, literatura lat 1945?1989 krajowa i emigracyjna, literatura po 1989 r. (maksymalna liczba punkt\u00f3w to 8).<\/li>\n<\/ol>\n<\/li>\n<\/ol>\n<p style=\"padding-left: 40px;\"><strong>Matematyka<\/strong><\/p>\n<p class=\" text-justify\" style=\"padding-left: 40px;\">Tu zmieni\u0142o si\u0119 niewiele: na poziomie podstawowym zmieniono liczb\u0119 punkt\u00f3w na 50 za rozwi\u0105zanie zada\u0144 z arkusza (25 pkt za zadania zamkni\u0119te, kt\u00f3rych b\u0119dzie od 20 do 25, i 25 pkt za zadania otwarte, kt\u00f3rych b\u0119dzie od 7 do 14).<\/p>\n<p style=\"padding-left: 40px;\"><strong>J\u0119zyk obcy<\/strong><\/p>\n<p class=\" text-justify\" style=\"padding-left: 40px;\">Aby zda\u0107 egzamin, nale\u017cy pos\u0142ugiwa\u0107 si\u0119 j\u0119zykiem na poziomie B1. Zadaniem otwartym zast\u0105piono zadania typu prawda-fa\u0142sz sprawdzaj\u0105ce rozumienie ze s\u0142uchu na egzaminie pisemnym z j\u0119zyka obcego na poziomie podstawowym. W cz\u0119\u015bci sprawdzaj\u0105cej tworzenie wypowiedzi pisemnej nale\u017cy napisa\u0107 e-mail lub wpis na blogu o d\u0142ugo\u015bci od 100 do 150 znak\u00f3w.<\/p>\n<p style=\"padding-left: 40px;\"><strong>Deklaracje maturalne<\/strong><\/p>\n<p class=\" text-justify\" style=\"padding-left: 40px;\">W tym roku szkolnym zdaj\u0105cy nie sk\u0142adaj\u0105 ju\u017c wst\u0119pnej deklaracji maturalnej. Obowi\u0105zuje jedynie deklaracja ostateczna, na kt\u00f3rej z\u0142o\u017cenie zdaj\u0105cy maj\u0105 czas do 7 lutego 2025 r.<\/p>\n<p class=\" text-justify\" style=\"padding-left: 40px;\"><strong>Progi zdawalno\u015bci na egzaminie maturalnym w 2025 r.<\/strong><\/p>\n<p class=\" text-justify\" style=\"padding-left: 40px;\">Aby zda\u0107 matur\u0119, ucze\u0144 musi uzyska\u0107 minimum 30 proc. z pisemnego egzaminu z j\u0119zyka polskiego, matematyki i j\u0119zyka obcego na poziomie podstawowym oraz 30 proc. z matury ustnej z polskiego i j\u0119zyka obcego.<\/p>\n<p class=\" text-justify\" style=\"padding-left: 40px;\">Musi r\u00f3wnie\u017c przyst\u0105pi\u0107 do co najmniej jednego egzaminu z <strong>przedmiotu dodatkowego na poziomie rozszerzonym<\/strong>.<\/p>\n<p>&nbsp;<\/p>\n<\/div>\n<p style=\"padding-left: 40px; text-align: center;\"><span style=\"color: #800000;\"><strong><span style=\"font-size: 14pt;\"><a href=\"https:\/\/lo6.szczecin.pl\/wp-content\/uploads\/2025\/10\/Matura-2026.pdf\">PREZENTACJA<\/a>\u00a0<\/span><\/strong><\/span><\/p>\n<p>[\/vc_column_text][\/vc_column][\/vc_row]<\/p>\n","protected":false},"excerpt":{"rendered":"<p>[vc_row][vc_column][vc_column_text] AKTUALIZACJA w dniu 20.08.2025 r. Rok szkolny 2025\/2026 Komunikat dyrektora Centralnej Komisji Egzaminacyjnej z 30 sierpnia 2024 r. w sprawie listy jawnych zada\u0144 w cz\u0119\u015bci ustnej egzaminu maturalnego z j\u0119zyka polskiego w latach 2026-2028 Komunikaty i harmonogramy dotycz\u0105ce egzamin\u00f3w maturalnych w 2026 r. &nbsp; Co zmieniono na pa\u0144stwowym egzaminie maturalnym od 2025 r.? Centralna&#8230;<\/p>\n","protected":false},"author":3,"featured_media":0,"parent":0,"menu_order":0,"comment_status":"closed","ping_status":"closed","template":"","meta":{"_acf_changed":false,"_s2mail":"","footnotes":""},"class_list":["post-3921","page","type-page","status-publish","hentry"],"acf":[],"_links":{"self":[{"href":"https:\/\/lo6.szczecin.pl\/index.php\/wp-json\/wp\/v2\/pages\/3921","targetHints":{"allow":["GET"]}}],"collection":[{"href":"https:\/\/lo6.szczecin.pl\/index.php\/wp-json\/wp\/v2\/pages"}],"about":[{"href":"https:\/\/lo6.szczecin.pl\/index.php\/wp-json\/wp\/v2\/types\/page"}],"author":[{"embeddable":true,"href":"https:\/\/lo6.szczecin.pl\/index.php\/wp-json\/wp\/v2\/users\/3"}],"replies":[{"embeddable":true,"href":"https:\/\/lo6.szczecin.pl\/index.php\/wp-json\/wp\/v2\/comments?post=3921"}],"version-history":[{"count":83,"href":"https:\/\/lo6.szczecin.pl\/index.php\/wp-json\/wp\/v2\/pages\/3921\/revisions"}],"predecessor-version":[{"id":12931,"href":"https:\/\/lo6.szczecin.pl\/index.php\/wp-json\/wp\/v2\/pages\/3921\/revisions\/12931"}],"wp:attachment":[{"href":"https:\/\/lo6.szczecin.pl\/index.php\/wp-json\/wp\/v2\/media?parent=3921"}],"curies":[{"name":"wp","href":"https:\/\/api.w.org\/{rel}","templated":true}]}}