{"id":3641,"date":"2017-03-29T00:17:52","date_gmt":"2017-03-28T22:17:52","guid":{"rendered":"http:\/\/aero360.pl\/?page_id=3641"},"modified":"2026-04-08T13:45:09","modified_gmt":"2026-04-08T11:45:09","slug":"akty-prawne","status":"publish","type":"page","link":"https:\/\/lo6.szczecin.pl\/index.php\/akty-prawne\/","title":{"rendered":"Szkolne akty prawne"},"content":{"rendered":"<p>[vc_row][vc_column]<h5 class=\"mpc-vc-deco-header vc_txt_align_center\"><span class=\"mpcth-color-main-border\">Szkolne akty prawne w roku szkolnym 2024\/2025<\/span><\/h5>[\/vc_column][\/vc_row][vc_row disable_element=&#8221;yes&#8221; font_color=&#8221;#660d00&#8243; overlay_color=&#8221;#919191&#8243;][vc_column][vc_btn title=&#8221;STATUT SZKO\u0141Y&#8221; style=&#8221;custom&#8221; custom_background=&#8221;#444444&#8243; custom_text=&#8221;#ffffff&#8221; shape=&#8221;square&#8221; align=&#8221;center&#8221; css_animation=&#8221;right-to-left&#8221; button_block=&#8221;true&#8221; link=&#8221;url:https%3A%2F%2Flo6.szczecin.pl%2Fwp-content%2Fuploads%2F2026%2F04%2FStatut_VI_LO-2020-03.09.2023-2026.pdf||target:%20_blank|&#8221; css=&#8221;.vc_custom_1775648892531{margin-right: 20px !important;margin-left: 20px !important;}&#8221;][\/vc_column][\/vc_row][vc_row disable_element=&#8221;yes&#8221; font_color=&#8221;#660d00&#8243; overlay_color=&#8221;#919191&#8243;][vc_column][vc_btn title=&#8221;STANDARDY OCHRONY MA\u0141OLETNICH&#8221; style=&#8221;custom&#8221; custom_background=&#8221;#444444&#8243; custom_text=&#8221;#ffffff&#8221; shape=&#8221;square&#8221; align=&#8221;center&#8221; css_animation=&#8221;right-to-left&#8221; button_block=&#8221;true&#8221; link=&#8221;url:https%3A%2F%2Flo6.szczecin.pl%2Fwp-content%2Fuploads%2F2025%2F10%2FStandardy.zip||target:%20_blank|&#8221; css=&#8221;.vc_custom_1760607465793{margin-right: 20px !important;margin-left: 20px !important;}&#8221;][\/vc_column][\/vc_row][vc_row disable_element=&#8221;yes&#8221; font_color=&#8221;#660d00&#8243; overlay_color=&#8221;#919191&#8243;][vc_column][vc_btn title=&#8221;Wewn\u0119trzna procedura dokonywania zg\u0142osze\u0144 narusze\u0144 prawa i dzia\u0142a\u0144 nast\u0119pczych&#8221; style=&#8221;custom&#8221; custom_background=&#8221;#444444&#8243; custom_text=&#8221;#ffffff&#8221; shape=&#8221;square&#8221; align=&#8221;center&#8221; css_animation=&#8221;right-to-left&#8221; button_block=&#8221;true&#8221; link=&#8221;url:https%3A%2F%2Flo6.szczecin.pl%2Fwp-content%2Fuploads%2F2024%2F10%2FSKM_C454e24102309290.pdf||target:%20_blank|&#8221; css=&#8221;.vc_custom_1729677294734{margin-right: 20px !important;margin-left: 20px !important;}&#8221;][\/vc_column][\/vc_row][vc_row][vc_column]<h5 class=\"mpc-vc-deco-header vc_txt_align_center\"><span class=\"mpcth-color-main-border\"><\/span><\/h5>[\/vc_column][\/vc_row][vc_row][vc_column]<h5 class=\"mpc-vc-deco-header vc_txt_align_center\"><span class=\"mpcth-color-main-border\">Do pobrania<\/span><\/h5>[\/vc_column][\/vc_row][vc_row][vc_column width=&#8221;1\/2&#8243;][vc_btn title=&#8221;Wniosek o wydanie duplikatu \u015bwiadectwa lub legitymacji&#8221; style=&#8221;custom&#8221; custom_background=&#8221;#444444&#8243; custom_text=&#8221;#ffffff&#8221; shape=&#8221;square&#8221; align=&#8221;center&#8221; css_animation=&#8221;left-to-right&#8221; button_block=&#8221;true&#8221; link=&#8221;url:http%3A%2F%2Flo6.szczecin.pl%2Fwp-content%2Fuploads%2F2017%2F04%2Fwniosek.pdf||target:%20_blank|&#8221; css=&#8221;.vc_custom_1687785252885{margin-right: 20px !important;margin-left: 20px !important;}&#8221;][\/vc_column][vc_column width=&#8221;1\/2&#8243;][vc_btn title=&#8221;Upowa\u017cnienie do odbioru \u015awiadectwa dojrza\u0142o\u015bci&#8221; style=&#8221;custom&#8221; custom_background=&#8221;#444444&#8243; custom_text=&#8221;#ffffff&#8221; shape=&#8221;square&#8221; align=&#8221;center&#8221; css_animation=&#8221;right-to-left&#8221; button_block=&#8221;true&#8221; link=&#8221;url:http%3A%2F%2Flo6.szczecin.pl%2Fwp-content%2Fuploads%2F2017%2F04%2FUpowaznienie.pdf||target:%20_blank|&#8221; css=&#8221;.vc_custom_1687785271533{margin-right: 20px !important;margin-left: 20px !important;}&#8221;][\/vc_column][\/vc_row][vc_row][vc_column width=&#8221;1\/2&#8243;][vc_btn title=&#8221;Regulamin korzystania z szafek szkolnych&#8221; style=&#8221;custom&#8221; custom_background=&#8221;#444444&#8243; custom_text=&#8221;#ffffff&#8221; shape=&#8221;square&#8221; align=&#8221;center&#8221; css_animation=&#8221;left-to-right&#8221; button_block=&#8221;true&#8221; link=&#8221;url:http%3A%2F%2Flo6.szczecin.pl%2Fwp-content%2Fuploads%2F2019%2F07%2FReguulamin-korzystania-z-szafki-szkolnej.pdf||target:%20_blank|&#8221; css=&#8221;.vc_custom_1687785290898{margin-right: 20px !important;margin-left: 20px !important;}&#8221;][\/vc_column][vc_column width=&#8221;1\/2&#8243;][\/vc_column][\/vc_row]<\/p>\n","protected":false},"excerpt":{"rendered":"<p>[vc_row][vc_column][\/vc_column][\/vc_row][vc_row disable_element=&#8221;yes&#8221; font_color=&#8221;#660d00&#8243; overlay_color=&#8221;#919191&#8243;][vc_column][vc_btn title=&#8221;STATUT SZKO\u0141Y&#8221; style=&#8221;custom&#8221; custom_background=&#8221;#444444&#8243; custom_text=&#8221;#ffffff&#8221; shape=&#8221;square&#8221; align=&#8221;center&#8221; css_animation=&#8221;right-to-left&#8221; button_block=&#8221;true&#8221; link=&#8221;url:https%3A%2F%2Flo6.szczecin.pl%2Fwp-content%2Fuploads%2F2026%2F04%2FStatut_VI_LO-2020-03.09.2023-2026.pdf||target:%20_blank|&#8221; css=&#8221;.vc_custom_1775648892531{margin-right: 20px !important;margin-left: 20px !important;}&#8221;][\/vc_column][\/vc_row][vc_row disable_element=&#8221;yes&#8221; font_color=&#8221;#660d00&#8243; overlay_color=&#8221;#919191&#8243;][vc_column][vc_btn title=&#8221;STANDARDY OCHRONY MA\u0141OLETNICH&#8221; style=&#8221;custom&#8221; custom_background=&#8221;#444444&#8243; custom_text=&#8221;#ffffff&#8221; shape=&#8221;square&#8221; align=&#8221;center&#8221; css_animation=&#8221;right-to-left&#8221; button_block=&#8221;true&#8221; link=&#8221;url:https%3A%2F%2Flo6.szczecin.pl%2Fwp-content%2Fuploads%2F2025%2F10%2FStandardy.zip||target:%20_blank|&#8221; css=&#8221;.vc_custom_1760607465793{margin-right: 20px !important;margin-left: 20px !important;}&#8221;][\/vc_column][\/vc_row][vc_row disable_element=&#8221;yes&#8221; font_color=&#8221;#660d00&#8243; overlay_color=&#8221;#919191&#8243;][vc_column][vc_btn title=&#8221;Wewn\u0119trzna procedura dokonywania zg\u0142osze\u0144 narusze\u0144 prawa i dzia\u0142a\u0144 nast\u0119pczych&#8221; style=&#8221;custom&#8221; custom_background=&#8221;#444444&#8243; custom_text=&#8221;#ffffff&#8221; shape=&#8221;square&#8221; align=&#8221;center&#8221;&#8230;<\/p>\n","protected":false},"author":3,"featured_media":0,"parent":0,"menu_order":0,"comment_status":"closed","ping_status":"closed","template":"","meta":{"_acf_changed":false,"_s2mail":"","footnotes":""},"class_list":["post-3641","page","type-page","status-publish","hentry"],"acf":[],"_links":{"self":[{"href":"https:\/\/lo6.szczecin.pl\/index.php\/wp-json\/wp\/v2\/pages\/3641","targetHints":{"allow":["GET"]}}],"collection":[{"href":"https:\/\/lo6.szczecin.pl\/index.php\/wp-json\/wp\/v2\/pages"}],"about":[{"href":"https:\/\/lo6.szczecin.pl\/index.php\/wp-json\/wp\/v2\/types\/page"}],"author":[{"embeddable":true,"href":"https:\/\/lo6.szczecin.pl\/index.php\/wp-json\/wp\/v2\/users\/3"}],"replies":[{"embeddable":true,"href":"https:\/\/lo6.szczecin.pl\/index.php\/wp-json\/wp\/v2\/comments?post=3641"}],"version-history":[{"count":48,"href":"https:\/\/lo6.szczecin.pl\/index.php\/wp-json\/wp\/v2\/pages\/3641\/revisions"}],"predecessor-version":[{"id":13064,"href":"https:\/\/lo6.szczecin.pl\/index.php\/wp-json\/wp\/v2\/pages\/3641\/revisions\/13064"}],"wp:attachment":[{"href":"https:\/\/lo6.szczecin.pl\/index.php\/wp-json\/wp\/v2\/media?parent=3641"}],"curies":[{"name":"wp","href":"https:\/\/api.w.org\/{rel}","templated":true}]}}