{"id":1405,"date":"2014-02-26T11:01:56","date_gmt":"2014-02-26T11:01:56","guid":{"rendered":"http:\/\/blaszok.mpcthemes.net\/corporate\/?page_id=1405"},"modified":"2026-01-19T08:14:15","modified_gmt":"2026-01-19T07:14:15","slug":"home-business","status":"publish","type":"page","link":"https:\/\/lo6.szczecin.pl\/","title":{"rendered":"VI Liceum Og\u00f3lnokszta\u0142c\u0105ce w Szczecinie"},"content":{"rendered":"<p>[vc_row css_animation=&#8221;bottom-to-top&#8221; overlay_pattern_opacity=&#8221;50&#8243;][vc_column][vc_column_text][\/vc_column_text][vc_row_inner][vc_column_inner][vc_column_text][\/vc_column_text][vc_separator][\/vc_column_inner][\/vc_row_inner][\/vc_column][vc_column]<div class=\"mpcth-waypoint mpcth-items-slider-wrap\"><div class=\"mpcth-items-slider-container-wrap\"><div class=\"mpcth-items-slider-container\"><div class=\"mpc-vc-blog-posts-slider mpcth-items-slider mpcth-items-slider-wide\"><div class=\"mpcth-slide-wrap\"><a href=\"https:\/\/lo6.szczecin.pl\/index.php\/2026\/04\/30\/egzaminy-maturalne-2026\/\" class=\"mpcth-slide mpcth-slide-row-gap\"><img loading=\"lazy\" decoding=\"async\" width=\"600\" height=\"450\" src=\"https:\/\/lo6.szczecin.pl\/wp-content\/uploads\/2025\/04\/kasztany-kwitnace-600x450.jpg\" class=\"attachment-mpcth-horizontal-columns-2 size-mpcth-horizontal-columns-2 wp-post-image\" alt=\"\" srcset=\"https:\/\/lo6.szczecin.pl\/wp-content\/uploads\/2025\/04\/kasztany-kwitnace-600x450.jpg 600w, https:\/\/lo6.szczecin.pl\/wp-content\/uploads\/2025\/04\/kasztany-kwitnace-300x225.jpg 300w, https:\/\/lo6.szczecin.pl\/wp-content\/uploads\/2025\/04\/kasztany-kwitnace-768x576.jpg 768w, https:\/\/lo6.szczecin.pl\/wp-content\/uploads\/2025\/04\/kasztany-kwitnace-400x300.jpg 400w, https:\/\/lo6.szczecin.pl\/wp-content\/uploads\/2025\/04\/kasztany-kwitnace.jpg 960w\" sizes=\"auto, (max-width: 600px) 100vw, 600px\" \/><div class=\"mpcth-slide-wrapper\"><h4 class=\"mpcth-slide-title\">Egzaminy maturalne 2026<\/h4><time class=\"mpcth-slide-time\" datetime=\"2026-04-30T09:04:34+02:00\">30 kwietnia 2026<\/time><p class=\"mpcth-slide-text\">Drodzy Maturzy\u015bci, na zbli\u017caj\u0105ce si\u0119 egzaminy \u017cyczymy Wam spokoju, pewno\u015bci siebie i b\u0142yskotliwych odpowiedzi &#8211; po\u0142amania pi\u00f3ra i samych wspania\u0142ych wynik\u00f3w! Przypominamy, \u017ce do szko\u0142y&hellip;<\/p><div class=\"mpcth-slide-trim\"><\/div><\/div><\/a><a href=\"https:\/\/lo6.szczecin.pl\/index.php\/2026\/04\/30\/ostatnie-pozegnanie-pani-leokadii-siudzinskiej\/\" class=\"mpcth-slide\"><img loading=\"lazy\" decoding=\"async\" width=\"600\" height=\"450\" src=\"https:\/\/lo6.szczecin.pl\/wp-content\/uploads\/2024\/06\/pozegnanie-600x450.jpg\" class=\"attachment-mpcth-horizontal-columns-2 size-mpcth-horizontal-columns-2 wp-post-image\" alt=\"\" srcset=\"https:\/\/lo6.szczecin.pl\/wp-content\/uploads\/2024\/06\/pozegnanie-600x450.jpg 600w, https:\/\/lo6.szczecin.pl\/wp-content\/uploads\/2024\/06\/pozegnanie-400x300.jpg 400w, https:\/\/lo6.szczecin.pl\/wp-content\/uploads\/2024\/06\/pozegnanie-300x225.jpg 300w\" sizes=\"auto, (max-width: 600px) 100vw, 600px\" \/><div class=\"mpcth-slide-wrapper\"><h4 class=\"mpcth-slide-title\">Ostatnie po\u017cegnanie Pani Leokadii Siudzi\u0144skiej<\/h4><time class=\"mpcth-slide-time\" datetime=\"2026-04-30T07:51:57+02:00\">30 kwietnia 2026<\/time><p class=\"mpcth-slide-text\"><\/p><div class=\"mpcth-slide-trim\"><\/div><\/div><\/a><\/div><div class=\"mpcth-slide-wrap\"><a href=\"https:\/\/lo6.szczecin.pl\/index.php\/2026\/03\/16\/zebrania-i-konsultacje-dla-rodzicow\/\" class=\"mpcth-slide mpcth-slide-row-gap\"><img loading=\"lazy\" decoding=\"async\" width=\"600\" height=\"340\" src=\"https:\/\/lo6.szczecin.pl\/wp-content\/uploads\/2017\/05\/ZR-600x340.jpg\" class=\"attachment-mpcth-horizontal-columns-2 size-mpcth-horizontal-columns-2 wp-post-image\" alt=\"\" \/><div class=\"mpcth-slide-wrapper\"><h4 class=\"mpcth-slide-title\">Zebrania i konsultacje dla rodzic\u00f3w<\/h4><time class=\"mpcth-slide-time\" datetime=\"2026-03-16T07:12:16+01:00\">16 marca 2026<\/time><p class=\"mpcth-slide-text\">Dnia 19 marca odb\u0119d\u0105 si\u0119 KONSULTACJE INDYWIDUALNE rodzic\u00f3w z nauczycielami uczni\u00f3w klasy I, II, III i IV godz. 17.00-19.00: bie\u017c\u0105ce osi\u0105gni\u0119cia, post\u0119py w nauce (wskazane&hellip;<\/p><div class=\"mpcth-slide-trim\"><\/div><\/div><\/a><a href=\"https:\/\/lo6.szczecin.pl\/index.php\/2026\/01\/19\/zebrania-z-rodzicami-35\/\" class=\"mpcth-slide\"><img loading=\"lazy\" decoding=\"async\" width=\"600\" height=\"340\" src=\"https:\/\/lo6.szczecin.pl\/wp-content\/uploads\/2017\/05\/ZR-600x340.jpg\" class=\"attachment-mpcth-horizontal-columns-2 size-mpcth-horizontal-columns-2 wp-post-image\" alt=\"\" \/><div class=\"mpcth-slide-wrapper\"><h4 class=\"mpcth-slide-title\">Zebrania z rodzicami<\/h4><time class=\"mpcth-slide-time\" datetime=\"2026-01-19T08:35:33+01:00\">19 stycznia 2026<\/time><p class=\"mpcth-slide-text\">22 stycznia 2026 r. odb\u0119d\u0105 si\u0119 zebrania z rodzicami uczni\u00f3w VI LO, podsumowuj\u0105ce prac\u0119 w I semestrze roku szkolnego 2025\/2026 oraz Koncert \u015awi\u0105teczny: godz. 17.00&hellip;<\/p><div class=\"mpcth-slide-trim\"><\/div><\/div><\/a><\/div><div class=\"mpcth-slide-wrap\"><a href=\"https:\/\/lo6.szczecin.pl\/index.php\/2025\/10\/13\/mobywatel-junior\/\" class=\"mpcth-slide mpcth-slide-row-gap\"><img loading=\"lazy\" decoding=\"async\" width=\"600\" height=\"450\" src=\"https:\/\/lo6.szczecin.pl\/wp-content\/uploads\/2025\/10\/mobywatel-junior-600x450.png\" class=\"attachment-mpcth-horizontal-columns-2 size-mpcth-horizontal-columns-2 wp-post-image\" alt=\"\" srcset=\"https:\/\/lo6.szczecin.pl\/wp-content\/uploads\/2025\/10\/mobywatel-junior-600x450.png 600w, https:\/\/lo6.szczecin.pl\/wp-content\/uploads\/2025\/10\/mobywatel-junior-400x300.png 400w, https:\/\/lo6.szczecin.pl\/wp-content\/uploads\/2025\/10\/mobywatel-junior-300x225.png 300w\" sizes=\"auto, (max-width: 600px) 100vw, 600px\" \/><div class=\"mpcth-slide-wrapper\"><h4 class=\"mpcth-slide-title\">mObywatel Junior<\/h4><time class=\"mpcth-slide-time\" datetime=\"2025-10-13T14:35:43+02:00\">13 pa\u017adziernika 2025<\/time><p class=\"mpcth-slide-text\">Szanowni Pa\u0144stwo Wkr\u00f3tce zostanie udost\u0119pniona nowa funkcjonalno\u015b\u0107, kt\u00f3ra umo\u017cliwi\u00a0uczniom dodanie legitymacji szkolnych w aplikacji mObywatel Junior. To\u00a0rozwi\u0105zanie nowoczesne, wygodne i bezpieczne.\u00a0W za\u0142\u0105czeniu Informator dla ucznia&hellip;<\/p><div class=\"mpcth-slide-trim\"><\/div><\/div><\/a><a href=\"https:\/\/lo6.szczecin.pl\/index.php\/2025\/08\/28\/zdjecia-do-e-legitymacji\/\" class=\"mpcth-slide\"><img loading=\"lazy\" decoding=\"async\" width=\"600\" height=\"368\" src=\"https:\/\/lo6.szczecin.pl\/wp-content\/uploads\/2025\/08\/5af1753471771_o_full-600x368.jpg\" class=\"attachment-mpcth-horizontal-columns-2 size-mpcth-horizontal-columns-2 wp-post-image\" alt=\"\" \/><div class=\"mpcth-slide-wrapper\"><h4 class=\"mpcth-slide-title\">Zdj\u0119cia do e-Legitymacji<\/h4><time class=\"mpcth-slide-time\" datetime=\"2025-08-28T09:58:19+02:00\">28 sierpnia 2025<\/time><p class=\"mpcth-slide-text\">Drodzy Uczniowie VI Liceum Og\u00f3lnokszta\u0142c\u0105cego w Szczecinie, informujemy, \u017ce we wtorek, 2 wrze\u015bnia 2025 roku, w godzinach od 11:00 do 13:00 b\u0119dzie mo\u017cliwo\u015b\u0107 wykonania zdj\u0119\u0107&hellip;<\/p><div class=\"mpcth-slide-trim\"><\/div><\/div><\/a><\/div><div class=\"mpcth-slide-wrap\"><a href=\"https:\/\/lo6.szczecin.pl\/index.php\/2025\/08\/18\/inauguracja-roku-szkolnego-2025-2026\/\" class=\"mpcth-slide mpcth-slide-row-gap\"><img loading=\"lazy\" decoding=\"async\" width=\"426\" height=\"282\" src=\"https:\/\/lo6.szczecin.pl\/wp-content\/uploads\/2017\/08\/kasztany.png\" class=\"attachment-mpcth-horizontal-columns-2 size-mpcth-horizontal-columns-2 wp-post-image\" alt=\"\" srcset=\"https:\/\/lo6.szczecin.pl\/wp-content\/uploads\/2017\/08\/kasztany.png 426w, https:\/\/lo6.szczecin.pl\/wp-content\/uploads\/2017\/08\/kasztany-300x199.png 300w\" sizes=\"auto, (max-width: 426px) 100vw, 426px\" \/><div class=\"mpcth-slide-wrapper\"><h4 class=\"mpcth-slide-title\">Inauguracja roku szkolnego 2025\/2026<\/h4><time class=\"mpcth-slide-time\" datetime=\"2025-08-18T12:17:54+02:00\">18 sierpnia 2025<\/time><p class=\"mpcth-slide-text\">1 wrze\u015bnia 2025 r. godz. 9.00 &#8211; Inauguracja roku szkolnego 2025\/2026 &#8211; plac przy sali gimnastycznej. godz. 9.30 &#8211; Spotkania uczni\u00f3w z wychowawcami zgodnie z&hellip;<\/p><div class=\"mpcth-slide-trim\"><\/div><\/div><\/a><a href=\"https:\/\/lo6.szczecin.pl\/index.php\/2025\/07\/02\/wreczenie-swiadectw-dojrzalosci\/\" class=\"mpcth-slide\"><img loading=\"lazy\" decoding=\"async\" width=\"600\" height=\"450\" src=\"https:\/\/lo6.szczecin.pl\/wp-content\/uploads\/2025\/07\/sd-600x450.jpg\" class=\"attachment-mpcth-horizontal-columns-2 size-mpcth-horizontal-columns-2 wp-post-image\" alt=\"\" srcset=\"https:\/\/lo6.szczecin.pl\/wp-content\/uploads\/2025\/07\/sd-600x450.jpg 600w, https:\/\/lo6.szczecin.pl\/wp-content\/uploads\/2025\/07\/sd-1200x900.jpg 1200w, https:\/\/lo6.szczecin.pl\/wp-content\/uploads\/2025\/07\/sd-400x300.jpg 400w, https:\/\/lo6.szczecin.pl\/wp-content\/uploads\/2025\/07\/sd-300x225.jpg 300w\" sizes=\"auto, (max-width: 600px) 100vw, 600px\" \/><div class=\"mpcth-slide-wrapper\"><h4 class=\"mpcth-slide-title\">Wr\u0119czenie \u015bwiadectw dojrza\u0142o\u015bci<\/h4><time class=\"mpcth-slide-time\" datetime=\"2025-07-02T12:49:31+02:00\">2 lipca 2025<\/time><p class=\"mpcth-slide-text\">Uprzejmie informuj\u0119, \u017ce wr\u0119czenie \u015bwiadectw dojrza\u0142o\u015bci odb\u0119dzie si\u0119 w dniu 8 lipca w godz. 9.30 &#8211; 11.00: Klasa 4A &#8211; sala 6, Klasa 4B1 &#8211;&hellip;<\/p><div class=\"mpcth-slide-trim\"><\/div><\/div><\/a><\/div><\/div><\/div><\/div><a href=\"#\" class=\"mpcth-items-slider-next mpcth-color-main-color\"><i class=\"fa fa-angle-right\"><\/i><\/a><a href=\"#\" class=\"mpcth-items-slider-prev mpcth-color-main-color\"><i class=\"fa fa-angle-left\"><\/i><\/a><\/div>[\/vc_column][\/vc_row][vc_row][vc_column][vc_cta h2=&#8221;&#8221; txt_align=&#8221;center&#8221; add_button=&#8221;right&#8221; btn_title=&#8221;Wi\u0119cej aktualno\u015bci&#8221; btn_custom_text=&#8221;#666666&#8243; btn_align=&#8221;center&#8221; btn_button_block=&#8221;true&#8221; btn_link=&#8221;url:http%3A%2F%2Flo6.szczecin.pl%2Findex.php%2Faktualnosci%2F|||&#8221;][\/vc_cta][\/vc_column][\/vc_row][vc_row overlay_pattern_opacity=&#8221;50&#8243; css=&#8221;.vc_custom_1490459517889{margin-bottom: 3em !important;}&#8221;][vc_column width=&#8221;1\/3&#8243;]<div id=\"mpcth_icon_column_PexZL\" class=\"mpc-vc-icon-column-wrap\"><style type=\"text\/css\">#mpcth_icon_column_PexZL .mpc-vc-icon-column-icon i {color:#5f6b69;}#mpcth_page_wrap #mpcth_icon_column_PexZL:hover .mpc-vc-icon-column-icon .mpc-vc-icon-column-arrow {border-top-color:#5f6b69;}#mpcth_page_wrap #mpcth_icon_column_PexZL:hover .mpc-vc-icon-column-icon {background:#5f6b69;}<\/style><div class=\"mpc-vc-icon-column-icon\"><i class=\"fa fa-book\"><\/i><div class=\"mpc-vc-icon-column-arrow mpc-vc-icon-column-arrow-bottom\"><\/div><div class=\"mpc-vc-icon-column-arrow\"><\/div><\/div><div class=\"mpc-vc-icon-column-content\"><h5 class=\"mpc-vc-icon-column-title\">Nauka<\/h5><p class=\"mpc-vc-icon-column-text\">Przeka\u017cemy Ci niezb\u0119dn\u0105 wiedz\u0119<br \/>\ni wyzwolimy w Tobie zainteresowania.<\/p><\/div><\/div>[\/vc_column][vc_column width=&#8221;1\/3&#8243;]<div id=\"mpcth_icon_column_NBvfo\" class=\"mpc-vc-icon-column-wrap\"><style type=\"text\/css\">#mpcth_icon_column_NBvfo .mpc-vc-icon-column-icon i {color:#5f6b69;}#mpcth_page_wrap #mpcth_icon_column_NBvfo:hover .mpc-vc-icon-column-icon .mpc-vc-icon-column-arrow {border-top-color:#5f6b69;}#mpcth_page_wrap #mpcth_icon_column_NBvfo:hover .mpc-vc-icon-column-icon {background:#5f6b69;}<\/style><div class=\"mpc-vc-icon-column-icon\"><i class=\"fa fa-fighter-jet\"><\/i><div class=\"mpc-vc-icon-column-arrow mpc-vc-icon-column-arrow-bottom\"><\/div><div class=\"mpc-vc-icon-column-arrow\"><\/div><\/div><div class=\"mpc-vc-icon-column-content\"><h5 class=\"mpc-vc-icon-column-title\">Energia<\/h5><p class=\"mpc-vc-icon-column-text\">Mamy wielk\u0105 energi\u0119 do dzia\u0142ania, z rado\u015bci\u0105 przeka\u017cemy j\u0105 Tobie.<\/p><\/div><\/div>[\/vc_column][vc_column width=&#8221;1\/3&#8243;]<div id=\"mpcth_icon_column_J3FP4\" class=\"mpc-vc-icon-column-wrap\"><style type=\"text\/css\">#mpcth_icon_column_J3FP4 .mpc-vc-icon-column-icon i {color:#5f6b69;}#mpcth_page_wrap #mpcth_icon_column_J3FP4:hover .mpc-vc-icon-column-icon .mpc-vc-icon-column-arrow {border-top-color:#5f6b69;}#mpcth_page_wrap #mpcth_icon_column_J3FP4:hover .mpc-vc-icon-column-icon {background:#5f6b69;}<\/style><div class=\"mpc-vc-icon-column-icon\"><i class=\"fa fa-road\"><\/i><div class=\"mpc-vc-icon-column-arrow mpc-vc-icon-column-arrow-bottom\"><\/div><div class=\"mpc-vc-icon-column-arrow\"><\/div><\/div><div class=\"mpc-vc-icon-column-content\"><h5 class=\"mpc-vc-icon-column-title\">Przysz\u0142o\u015b\u0107<\/h5><p class=\"mpc-vc-icon-column-text\">Razem wypracujemy Twoj\u0105 przysz\u0142o\u015b\u0107.<br \/>\nTw\u00f3j sukces jest naszym sukcesem!<\/p><\/div><\/div>[\/vc_column][\/vc_row][vc_row parallax=&#8221;content-moving&#8221; parallax_image=&#8221;3420&#8243; parallax_speed_bg=&#8221;2&#8243; css_animation=&#8221;bottom-to-top&#8221; font_color=&#8221;#ffffff&#8221; overlay_color=&#8221;#0a0a0a&#8221; overlay_color_opacity=&#8221;25&#8243; overlay_pattern=&#8221;1253&#8243; overlay_pattern_opacity=&#8221;50&#8243; bg_image_repeat=&#8221;cover&#8221; css=&#8221;.vc_custom_1493065427579{padding-top: 5em !important;padding-bottom: 5em !important;background: #ffffff url(http:\/\/aero360.pl\/wp-content\/uploads\/2014\/02\/paralax2.jpg?id=3963);background-position: center;background-repeat: no-repeat !important;background-size: contain !important;}&#8221; el_id=&#8221;12&#8243;][vc_column el_class=&#8221;cytat&#8221;]<div class=\"mpc-vc-testimonials mpcth-waypoint flexslider mpcth-simple-arrows\"><ul class=\"slides\"><li><blockquote class=\"mpc-vc-quote\"><p><span class=\"mpc-vc-quote-left\">\u201c<\/span>Sko\u0144czy\u0142em sz\u00f3stk\u0119 niemal 10 lat temu, ale wspominam jakby to si\u0119 sta\u0142o wczoraj. Dzi\u0119ki sz\u00f3stce zda\u0142em dobrze matur\u0119 i dosta\u0142em si\u0119 na studia prawnicze. Wci\u0105\u017c utrzymuj\u0119 kontakt z kolegami i kole\u017cankami z klasy. Ba! Jedna z tych kole\u017canek jest dzi\u015b moj\u0105 \u017con\u0105. Polecam wszystkim!<span class=\"mpc-vc-quote-right\">\u201d<\/span><\/p><cite>\u0141ukasz, prawnik, matura 2009<\/cite><\/blockquote><\/li><li><blockquote class=\"mpc-vc-quote\"><p><span class=\"mpc-vc-quote-left\">\u201c<\/span>Sz\u00f3stka da\u0142a mi wiele praktycznych umiej\u0119tno\u015bci, kt\u00f3re wykorzystuj\u0119 w mojej firmie. Jestem absolwentem klasy o profilu dziennikarskim i z perspektywy wielu lat doceniam zaanga\u017cowanie nauczycieli. Wszystkim polecam udzia\u0142 w redakcji Zbli\u017ce\u0144!<span class=\"mpc-vc-quote-right\">\u201d<\/span><\/p><cite>Bartek, przedsi\u0119biorca, matura 2009<\/cite><\/blockquote><\/li><li><blockquote class=\"mpc-vc-quote\"><p><span class=\"mpc-vc-quote-left\">\u201c<\/span>Wed\u0142ug mnie najwa\u017cniejszym atutem szko\u0142y jest troska nauczycieli o indywidualny rozw\u00f3j uczni\u00f3w. Bardzo si\u0119 dla mnie liczy to, \u017ce nigdy nie narzucano mi schemat\u00f3w w my\u015bleniu przy rozwi\u0105zywaniu zada\u0144 z przedmiot\u00f3w \u015bcis\u0142ych, nie sk\u0142aniano do zmiany opinii w wypowiedziach na j\u0119zyku polskim, a szkolna gazetka wolna by\u0142a od tendencyjno\u015bci.<span class=\"mpc-vc-quote-right\">\u201d<\/span><\/p><cite>Zuza, matura 2009<\/cite><\/blockquote><\/li><\/ul><\/div>[\/vc_column][\/vc_row][vc_row][vc_column][vc_row_inner][vc_column_inner width=&#8221;1\/2&#8243;]<h5 class=\"mpc-vc-deco-header vc_txt_align_left\"><span class=\"mpcth-color-main-border\">Szko\u0142a na medal<\/span><\/h5>[vc_column_text css=&#8221;.vc_custom_1768806937280{padding-top: 50px !important;}&#8221;]<\/p>\n<p style=\"text-align: center;\"><span style=\"font-size: 14pt;\">Fundacja Edukacyjna <i>Perspektywy<\/i> potwierdza, \u017ce <strong>VI\u00a0Liceum Og\u00f3lnokszta\u0142c\u0105ce im.\u00a0Stefana Czarnieckiego w\u00a0Szczecinie jest w\u015br\u00f3d najlepszych lice\u00f3w w\u00a0Polsce<\/strong> sklasyfikowanych w Rankingu Szk\u00f3\u0142 Licealnych <a href=\"https:\/\/licea.perspektywy.pl\/rankingi\/ranking-glowny-liceow\/\">PERSPEKTYWY 2026<\/a> i przys\u0142uguje mu tytu\u0142 <strong><i>Br\u0105zowej Szko\u0142y 2026<\/i>. <\/strong><\/span><\/p>\n<p>[\/vc_column_text][\/vc_column_inner][vc_column_inner width=&#8221;1\/2&#8243;][vc_single_image image=&#8221;12995&#8243; img_size=&#8221;medium&#8221; alignment=&#8221;center&#8221; css_animation=&#8221;bounceIn&#8221;][\/vc_column_inner][\/vc_row_inner][\/vc_column][\/vc_row][vc_row css_animation=&#8221;top-to-bottom&#8221; overlay_pattern_opacity=&#8221;50&#8243; margin_bottom=&#8221;-1.2em&#8221;][vc_column][\/vc_column][\/vc_row][vc_row][vc_column][\/vc_column][\/vc_row]<\/p>\n","protected":false},"excerpt":{"rendered":"<p>[vc_row css_animation=&#8221;bottom-to-top&#8221; overlay_pattern_opacity=&#8221;50&#8243;][vc_column][vc_column_text][\/vc_column_text][vc_row_inner][vc_column_inner][vc_column_text][\/vc_column_text][vc_separator][\/vc_column_inner][\/vc_row_inner][\/vc_column][vc_column][\/vc_column][\/vc_row][vc_row][vc_column][vc_cta h2=&#8221;&#8221; txt_align=&#8221;center&#8221; add_button=&#8221;right&#8221; btn_title=&#8221;Wi\u0119cej aktualno\u015bci&#8221; btn_custom_text=&#8221;#666666&#8243; btn_align=&#8221;center&#8221; btn_button_block=&#8221;true&#8221; btn_link=&#8221;url:http%3A%2F%2Flo6.szczecin.pl%2Findex.php%2Faktualnosci%2F|||&#8221;][\/vc_cta][\/vc_column][\/vc_row][vc_row overlay_pattern_opacity=&#8221;50&#8243; css=&#8221;.vc_custom_1490459517889{margin-bottom: 3em !important;}&#8221;][vc_column width=&#8221;1\/3&#8243;][\/vc_column][vc_column width=&#8221;1\/3&#8243;][\/vc_column][vc_column width=&#8221;1\/3&#8243;][\/vc_column][\/vc_row][vc_row parallax=&#8221;content-moving&#8221; parallax_image=&#8221;3420&#8243; parallax_speed_bg=&#8221;2&#8243; css_animation=&#8221;bottom-to-top&#8221; font_color=&#8221;#ffffff&#8221; overlay_color=&#8221;#0a0a0a&#8221; overlay_color_opacity=&#8221;25&#8243; overlay_pattern=&#8221;1253&#8243; overlay_pattern_opacity=&#8221;50&#8243; bg_image_repeat=&#8221;cover&#8221; css=&#8221;.vc_custom_1493065427579{padding-top: 5em !important;padding-bottom: 5em !important;background: #ffffff url(http:\/\/aero360.pl\/wp-content\/uploads\/2014\/02\/paralax2.jpg?id=3963);background-position: center;background-repeat: no-repeat !important;background-size: contain !important;}&#8221; el_id=&#8221;12&#8243;][vc_column el_class=&#8221;cytat&#8221;][\/vc_column][\/vc_row][vc_row][vc_column][vc_row_inner][vc_column_inner width=&#8221;1\/2&#8243;][vc_column_text css=&#8221;.vc_custom_1768806937280{padding-top: 50px !important;}&#8221;] Fundacja Edukacyjna Perspektywy potwierdza, \u017ce VI\u00a0Liceum Og\u00f3lnokszta\u0142c\u0105ce im.\u00a0Stefana&#8230;<\/p>\n","protected":false},"author":3,"featured_media":0,"parent":0,"menu_order":0,"comment_status":"closed","ping_status":"closed","template":"template-fullwidth.php","meta":{"_acf_changed":false,"_s2mail":"yes","footnotes":""},"class_list":["post-1405","page","type-page","status-publish","hentry"],"acf":[],"_links":{"self":[{"href":"https:\/\/lo6.szczecin.pl\/index.php\/wp-json\/wp\/v2\/pages\/1405","targetHints":{"allow":["GET"]}}],"collection":[{"href":"https:\/\/lo6.szczecin.pl\/index.php\/wp-json\/wp\/v2\/pages"}],"about":[{"href":"https:\/\/lo6.szczecin.pl\/index.php\/wp-json\/wp\/v2\/types\/page"}],"author":[{"embeddable":true,"href":"https:\/\/lo6.szczecin.pl\/index.php\/wp-json\/wp\/v2\/users\/3"}],"replies":[{"embeddable":true,"href":"https:\/\/lo6.szczecin.pl\/index.php\/wp-json\/wp\/v2\/comments?post=1405"}],"version-history":[{"count":274,"href":"https:\/\/lo6.szczecin.pl\/index.php\/wp-json\/wp\/v2\/pages\/1405\/revisions"}],"predecessor-version":[{"id":12997,"href":"https:\/\/lo6.szczecin.pl\/index.php\/wp-json\/wp\/v2\/pages\/1405\/revisions\/12997"}],"wp:attachment":[{"href":"https:\/\/lo6.szczecin.pl\/index.php\/wp-json\/wp\/v2\/media?parent=1405"}],"curies":[{"name":"wp","href":"https:\/\/api.w.org\/{rel}","templated":true}]}}